{"id":684,"date":"2013-10-23T15:40:10","date_gmt":"2013-10-23T13:40:10","guid":{"rendered":"http:\/\/www.annikaseifert.de\/?page_id=684"},"modified":"2013-10-23T16:28:07","modified_gmt":"2013-10-23T14:28:07","slug":"kontakt-2","status":"publish","type":"page","link":"http:\/\/www.annikaseifert.de\/?page_id=684","title":{"rendered":"Kontakt"},"content":{"rendered":"<h3>So erreichen Sie mich<\/h3>\n<p>Annika Seifert<\/p>\n<p>Fehwiesenstra\u00dfe 8<\/p>\n<p>81673 M\u00fcnchen<\/p>\n<p>&nbsp;<\/p>\n<p>E-Mail: kontakt@annikaseifert.de<\/p>\n<p>Telefon: 089 &#8211; 32 49 56 22<\/p>\n<p>&nbsp;<\/p>\n<p>&nbsp;<\/p>\n<h2>Impressum<\/h2>\n<h3><\/h3>\n<h3><strong>Urheberrecht<\/strong><\/h3>\n<p>Copyright Annika Seifert. Alle Rechte vorbehalten. Text, Bilder, Grafiken und Videos sowie deren Anordnung auf der Website unterliegen dem Schutz des Urheberrechts und anderen Schutzgesetzen. Der Inhalt dieser Website darf nicht von Benutzern kopiert, verbreitet, ver\u00e4ndert oder Dritten zug\u00e4nglich gemacht werden. Ebenso, darf der Inhalt dieser Website nicht zu kommerziellen Zwecken verwendet werden. Ich weise darauf hin, dass auf der Website enthaltene Bilder dem Urheberrecht Dritter unterliegen. Jede Verwertung oder \u00dcbernahme von Texten und Bildern bedarf der schriftlichen Zustimmung von Annika Seifert.<\/p>\n<h3><strong>Haftung<\/strong><\/h3>\n<p>Annika Seifert hat diese Website mit gr\u00f6\u00dftm\u00f6glicher Sorgfalt erstellt und aktualisiert und pr\u00fcft die Informationen (Bilder, Texte) auf ihrer Website st\u00e4ndig. Eine Gew\u00e4hr f\u00fcr die Richtigkeit, Genauigkeit, Aktualit\u00e4t und Vollst\u00e4ndigkeit der Informationen auf den Internet-Seiten<a href=\"http:\/\/www.annikaseifert.de\"> www.annikaseifert.de<\/a> kann dennoch nicht \u00fcbernommen werden. Jegliche Haftung f\u00fcr Sch\u00e4den, die direkt oder indirekt aus der Benutzung dieser Website entstehen, wird ausgeschlossen, soweit diese nicht auf Vorsatz oder grober Fahrl\u00e4ssigkeit beruhen. Sofern von dieser Website auf Internetseiten, die von Dritten betrieben werden, verwiesen wird, \u00fcbernimmt Annika Seifert keine Verantwortung f\u00fcr deren Inhalte. Weiterhin beh\u00e4lt sich Annika Seifert das Recht vor, Erg\u00e4nzungen oder \u00c4nderungen der bereitgestellten Informationen ohne vorherige Ank\u00fcndigung vorzunehmen.<\/p>\n<h3><strong>Datenschutz\/Google Analytics<\/strong><\/h3>\n<p>Diese Website benutzt Google Analytics, einen Webanalysedienst der Google Inc. (&#8222;Google&#8220;). Google Analytics verwendet sog. &#8222;Cookies&#8220;, Textdateien, die auf Ihrem Computer gespeichert werden und die eine Analyse der Benutzung der Website durch Sie erm\u00f6glicht. Die durch den Cookie erzeugten Informationen \u00fcber Ihre Benutzung diese Website (einschlie\u00dflich Ihrer IP-Adresse) wird an einen Server der Google in den USA \u00fcbertragen und dort gespeichert. Google wird diese Informationen benutzen, um Ihre Nutzung der Website auszuwerten, um Reports \u00fcber die Websiteaktivit\u00e4ten f\u00fcr die Websitebetreiber zusammenzustellen und um weitere mit der Websitenutzung und der Internetnutzung verbundene Dienstleistungen zu erbringen. Auch wird Google diese Informationen gegebenenfalls an Dritte \u00fcbertragen, sofern dies gesetzlich vorgeschrieben oder soweit Dritte diese Daten im Auftrag von Google verarbeiten. Google wird in keinem Fall Ihre IP-Adresse mit anderen Daten der Google in Verbindung bringen. Sie k\u00f6nnen die Installation der Cookies durch eine entsprechende Einstellung Ihrer Browser Software verhindern; wir weisen Sie jedoch darauf hin, dass Sie in diesem Fall gegebenenfalls nicht s\u00e4mtliche Funktionen dieser Website voll umf\u00e4nglich nutzen k\u00f6nnen. Durch die Nutzung dieser Website erkl\u00e4ren Sie sich mit der Bearbeitung der \u00fcber Sie erhobenen Daten durch Google in der zuvor beschriebenen Art und Weise und zu dem zuvor benannten Zweck einverstanden.<\/p>\n","protected":false},"excerpt":{"rendered":"","protected":false},"author":1,"featured_media":0,"parent":0,"menu_order":0,"comment_status":"closed","ping_status":"closed","template":"","meta":[],"_links":{"self":[{"href":"http:\/\/www.annikaseifert.de\/index.php?rest_route=\/wp\/v2\/pages\/684"}],"collection":[{"href":"http:\/\/www.annikaseifert.de\/index.php?rest_route=\/wp\/v2\/pages"}],"about":[{"href":"http:\/\/www.annikaseifert.de\/index.php?rest_route=\/wp\/v2\/types\/page"}],"author":[{"embeddable":true,"href":"http:\/\/www.annikaseifert.de\/index.php?rest_route=\/wp\/v2\/users\/1"}],"replies":[{"embeddable":true,"href":"http:\/\/www.annikaseifert.de\/index.php?rest_route=%2Fwp%2Fv2%2Fcomments&post=684"}],"version-history":[{"count":15,"href":"http:\/\/www.annikaseifert.de\/index.php?rest_route=\/wp\/v2\/pages\/684\/revisions"}],"predecessor-version":[{"id":709,"href":"http:\/\/www.annikaseifert.de\/index.php?rest_route=\/wp\/v2\/pages\/684\/revisions\/709"}],"wp:attachment":[{"href":"http:\/\/www.annikaseifert.de\/index.php?rest_route=%2Fwp%2Fv2%2Fmedia&parent=684"}],"curies":[{"name":"wp","href":"https:\/\/api.w.org\/{rel}","templated":true}]}}